{"id":568,"date":"2023-02-28T14:51:46","date_gmt":"2023-02-28T13:51:46","guid":{"rendered":"https:\/\/fakenews.pl\/en\/?page_id=568"},"modified":"2023-02-28T15:38:21","modified_gmt":"2023-02-28T14:38:21","slug":"tiktok-not-as-scary-as-it-looks-a-guide-for-those-who-wish-to-begin-their-tiktok-journey","status":"publish","type":"page","link":"https:\/\/fakenews.pl\/en\/tiktok-not-as-scary-as-it-looks-a-guide-for-those-who-wish-to-begin-their-tiktok-journey\/","title":{"rendered":"TikTok \u2013 Not as Scary as It Looks \u2013 a guide for those who wish to begin their TikTok journey"},"content":{"rendered":"<p><span style=\"font-weight: 400;\">If you want to start your career on TikTok, this Guide was created especially for you. We want to familiarize you with this medium and thus disenchant it \u2013 we will tell you about the basic concepts on TikTok, show you how to use it, and give you some tips on how to record videos intended for this platform.<\/span><\/p>\n<p><span style=\"font-weight: 400;\">You can <\/span><b>download the Guide for free<\/b><span style=\"font-weight: 400;\"> below. Simply enter your name and email address, and the guide will go straight to your inbox.<\/span><\/p>\n<p><img decoding=\"async\" src=\"https:\/\/fakenews.pl\/en\/wp-content\/uploads\/sites\/2\/2023\/02\/tiktok_headimage3.jpg\" alt=\"TikTok \u2013 Not as Scary as It Looks \u2013 a guide for those who wish to begin their TikTok journey\" style=\"max-width: initial\" width=\"1200\" height=\"800\" class=\"alignnone size-medium wp-image-575\" \/><\/p>\n<div class=\"row\">\n<div class=\"col-sm-6\">\n<p><b>For whom:<\/b><\/p>\n<ul>\n<li style=\"font-weight: 400;\" aria-level=\"1\"><span style=\"font-weight: 400;\">Non-Governmental Organizations<\/span><\/li>\n<li style=\"font-weight: 400;\" aria-level=\"1\"><span style=\"font-weight: 400;\">Private Individuals<\/span><\/li>\n<li style=\"font-weight: 400;\" aria-level=\"1\"><span style=\"font-weight: 400;\">Business Accounts<\/span><\/li>\n<\/ul>\n<\/div>\n<div class=\"col-sm-6\">\n<p><b>The Guide covers:<\/b><\/p>\n<ul>\n<li style=\"font-weight: 400;\" aria-level=\"1\"><span style=\"font-weight: 400;\">Profile Optimization<\/span><\/li>\n<li style=\"font-weight: 400;\" aria-level=\"1\"><span style=\"font-weight: 400;\">Publishing on TikTok<\/span><\/li>\n<li style=\"font-weight: 400;\" aria-level=\"1\"><span style=\"font-weight: 400;\">Adding Captions, Music, Effects<\/span><\/li>\n<li style=\"font-weight: 400;\" aria-level=\"1\"><span style=\"font-weight: 400;\">Trends and the Algorithm<\/span><\/li>\n<\/ul>\n<\/div>\n<\/div>\n<p>&nbsp;<\/p>\n<div style=\"background: #f0f0f0ab;padding: 3rem\">\n<h2>Fill in the form below and receive the Guide by e-mail<\/h2>\n<form class=\"toolkitform\" accept-charset=\"utf-8\" action=\"https:\/\/mailing.fakenews.pl\/subscribe\" method=\"POST\">\n<div class=\"row\">\n<div class=\"col-sm-6\"><input id=\"name\" name=\"name\" required=\"\" type=\"text\" placeholder=\"Name:\" \/><\/div>\n<div class=\"col-sm-6\"><input id=\"email\" name=\"email\" required=\"\" type=\"email\" placeholder=\"Email:\" \/><\/div>\n<\/div>\n<p><input type=\"checkbox\" name=\"gdpr\" id=\"gdpr\" required\/> By using the form, you agree to the processing of your data by the &#8220;Przeciwdzia\u0142amy Dezinformacji&#8221; Foundation, seated at Wigury 8\/9, 90-301 \u0141\u00f3d\u017a. Email: kontakt@fakenews.pl. The consent is voluntary and can be withdrawn at any time. The withdrawal of consent shall not affect the lawfulness of processing based on consent before its withdrawal.<\/p>\n<div style=\"display:none;\"><label for=\"hp\">HP<\/label><br \/><input type=\"text\" name=\"hp\" id=\"hp\"\/><\/div>\n<p><input type=\"hidden\" name=\"list\" value=\"QR5g6mHflx8J5Xr892DJkVtA\"\/><input type=\"hidden\" name=\"subform\" value=\"yes\"\/><input id=\"submit\" value=\"Submit\" style=\"background: #f44336; color: #ffffff; border: 0 none;\" name=\"submit\" type=\"submit\" \/>\t<\/form>\n<\/div>\n","protected":false},"excerpt":{"rendered":"<p>If you want to start your career on TikTok, this Guide was created especially for you. We want to familiarize you with this medium and thus disenchant it \u2013 we will tell you about the basic concepts on TikTok, show you how to use it, and give you some tips on how to record videos [&hellip;]<\/p>\n","protected":false},"author":1,"featured_media":574,"parent":0,"menu_order":0,"comment_status":"closed","ping_status":"closed","template":"","meta":{"_acf_changed":false,"footnotes":""},"class_list":["post-568","page","type-page","status-publish","has-post-thumbnail","hentry"],"acf":[],"yoast_head":"<!-- This site is optimized with the Yoast SEO plugin v25.2 - https:\/\/yoast.com\/wordpress\/plugins\/seo\/ -->\n<title>TikTok \u2013 Not as Scary as It Looks \u2013 a guide for those who wish to begin their TikTok journey - Fakenews.pl<\/title>\n<meta name=\"robots\" content=\"index, follow, max-snippet:-1, max-image-preview:large, max-video-preview:-1\" \/>\n<link rel=\"canonical\" href=\"https:\/\/fakenews.pl\/en\/tiktok-not-as-scary-as-it-looks-a-guide-for-those-who-wish-to-begin-their-tiktok-journey\/\" \/>\n<meta property=\"og:locale\" content=\"en_US\" \/>\n<meta property=\"og:type\" content=\"article\" \/>\n<meta property=\"og:title\" content=\"TikTok \u2013 Not as Scary as It Looks \u2013 a guide for those who wish to begin their TikTok journey - Fakenews.pl\" \/>\n<meta property=\"og:description\" content=\"If you want to start your career on TikTok, this Guide was created especially for you. We want to familiarize you with this medium and thus disenchant it \u2013 we will tell you about the basic concepts on TikTok, show you how to use it, and give you some tips on how to record videos [&hellip;]\" \/>\n<meta property=\"og:url\" content=\"https:\/\/fakenews.pl\/en\/tiktok-not-as-scary-as-it-looks-a-guide-for-those-who-wish-to-begin-their-tiktok-journey\/\" \/>\n<meta property=\"og:site_name\" content=\"Fakenews.pl\" \/>\n<meta property=\"article:modified_time\" content=\"2023-02-28T14:38:21+00:00\" \/>\n<meta property=\"og:image\" content=\"https:\/\/fakenews.pl\/en\/wp-content\/uploads\/sites\/2\/2023\/02\/tiktok_ogimage.png\" \/>\n\t<meta property=\"og:image:width\" content=\"1530\" \/>\n\t<meta property=\"og:image:height\" content=\"800\" \/>\n\t<meta property=\"og:image:type\" content=\"image\/png\" \/>\n<meta name=\"twitter:card\" content=\"summary_large_image\" \/>\n<meta name=\"twitter:label1\" content=\"Est. reading time\" \/>\n\t<meta name=\"twitter:data1\" content=\"1 minute\" \/>\n<script type=\"application\/ld+json\" class=\"yoast-schema-graph\">{\"@context\":\"https:\/\/schema.org\",\"@graph\":[{\"@type\":\"WebPage\",\"@id\":\"https:\/\/fakenews.pl\/en\/tiktok-not-as-scary-as-it-looks-a-guide-for-those-who-wish-to-begin-their-tiktok-journey\/\",\"url\":\"https:\/\/fakenews.pl\/en\/tiktok-not-as-scary-as-it-looks-a-guide-for-those-who-wish-to-begin-their-tiktok-journey\/\",\"name\":\"TikTok \u2013 Not as Scary as It Looks \u2013 a guide for those who wish to begin their TikTok journey - Fakenews.pl\",\"isPartOf\":{\"@id\":\"https:\/\/fakenews.pl\/en\/#website\"},\"primaryImageOfPage\":{\"@id\":\"https:\/\/fakenews.pl\/en\/tiktok-not-as-scary-as-it-looks-a-guide-for-those-who-wish-to-begin-their-tiktok-journey\/#primaryimage\"},\"image\":{\"@id\":\"https:\/\/fakenews.pl\/en\/tiktok-not-as-scary-as-it-looks-a-guide-for-those-who-wish-to-begin-their-tiktok-journey\/#primaryimage\"},\"thumbnailUrl\":\"https:\/\/fakenews.pl\/en\/wp-content\/uploads\/sites\/2\/2023\/02\/tiktok_ogimage.png\",\"datePublished\":\"2023-02-28T13:51:46+00:00\",\"dateModified\":\"2023-02-28T14:38:21+00:00\",\"breadcrumb\":{\"@id\":\"https:\/\/fakenews.pl\/en\/tiktok-not-as-scary-as-it-looks-a-guide-for-those-who-wish-to-begin-their-tiktok-journey\/#breadcrumb\"},\"inLanguage\":\"en-US\",\"potentialAction\":[{\"@type\":\"ReadAction\",\"target\":[\"https:\/\/fakenews.pl\/en\/tiktok-not-as-scary-as-it-looks-a-guide-for-those-who-wish-to-begin-their-tiktok-journey\/\"]}]},{\"@type\":\"ImageObject\",\"inLanguage\":\"en-US\",\"@id\":\"https:\/\/fakenews.pl\/en\/tiktok-not-as-scary-as-it-looks-a-guide-for-those-who-wish-to-begin-their-tiktok-journey\/#primaryimage\",\"url\":\"https:\/\/fakenews.pl\/en\/wp-content\/uploads\/sites\/2\/2023\/02\/tiktok_ogimage.png\",\"contentUrl\":\"https:\/\/fakenews.pl\/en\/wp-content\/uploads\/sites\/2\/2023\/02\/tiktok_ogimage.png\",\"width\":1530,\"height\":800},{\"@type\":\"BreadcrumbList\",\"@id\":\"https:\/\/fakenews.pl\/en\/tiktok-not-as-scary-as-it-looks-a-guide-for-those-who-wish-to-begin-their-tiktok-journey\/#breadcrumb\",\"itemListElement\":[{\"@type\":\"ListItem\",\"position\":1,\"name\":\"Home\",\"item\":\"https:\/\/fakenews.pl\/en\/\"},{\"@type\":\"ListItem\",\"position\":2,\"name\":\"TikTok \u2013 Not as Scary as It Looks \u2013 a guide for those who wish to begin their TikTok journey\"}]},{\"@type\":\"WebSite\",\"@id\":\"https:\/\/fakenews.pl\/en\/#website\",\"url\":\"https:\/\/fakenews.pl\/en\/\",\"name\":\"Fakenews.pl\",\"description\":\"Fact-checking website and organization. Fake news, disinformation, manipulation. We got them covered.\",\"publisher\":{\"@id\":\"https:\/\/fakenews.pl\/en\/#organization\"},\"potentialAction\":[{\"@type\":\"SearchAction\",\"target\":{\"@type\":\"EntryPoint\",\"urlTemplate\":\"https:\/\/fakenews.pl\/en\/?s={search_term_string}\"},\"query-input\":{\"@type\":\"PropertyValueSpecification\",\"valueRequired\":true,\"valueName\":\"search_term_string\"}}],\"inLanguage\":\"en-US\"},{\"@type\":\"Organization\",\"@id\":\"https:\/\/fakenews.pl\/en\/#organization\",\"name\":\"Foundation \\\"Counteracting Disinformation\\\"\",\"url\":\"https:\/\/fakenews.pl\/en\/\",\"logo\":{\"@type\":\"ImageObject\",\"inLanguage\":\"en-US\",\"@id\":\"https:\/\/fakenews.pl\/en\/#\/schema\/logo\/image\/\",\"url\":\"https:\/\/fakenews.pl\/en\/wp-content\/uploads\/sites\/2\/2022\/06\/logo.png\",\"contentUrl\":\"https:\/\/fakenews.pl\/en\/wp-content\/uploads\/sites\/2\/2022\/06\/logo.png\",\"width\":1000,\"height\":1000,\"caption\":\"Foundation \\\"Counteracting Disinformation\\\"\"},\"image\":{\"@id\":\"https:\/\/fakenews.pl\/en\/#\/schema\/logo\/image\/\"}}]}<\/script>\n<!-- \/ Yoast SEO plugin. -->","yoast_head_json":{"title":"TikTok \u2013 Not as Scary as It Looks \u2013 a guide for those who wish to begin their TikTok journey - Fakenews.pl","robots":{"index":"index","follow":"follow","max-snippet":"max-snippet:-1","max-image-preview":"max-image-preview:large","max-video-preview":"max-video-preview:-1"},"canonical":"https:\/\/fakenews.pl\/en\/tiktok-not-as-scary-as-it-looks-a-guide-for-those-who-wish-to-begin-their-tiktok-journey\/","og_locale":"en_US","og_type":"article","og_title":"TikTok \u2013 Not as Scary as It Looks \u2013 a guide for those who wish to begin their TikTok journey - Fakenews.pl","og_description":"If you want to start your career on TikTok, this Guide was created especially for you. We want to familiarize you with this medium and thus disenchant it \u2013 we will tell you about the basic concepts on TikTok, show you how to use it, and give you some tips on how to record videos [&hellip;]","og_url":"https:\/\/fakenews.pl\/en\/tiktok-not-as-scary-as-it-looks-a-guide-for-those-who-wish-to-begin-their-tiktok-journey\/","og_site_name":"Fakenews.pl","article_modified_time":"2023-02-28T14:38:21+00:00","og_image":[{"width":1530,"height":800,"url":"https:\/\/fakenews.pl\/en\/wp-content\/uploads\/sites\/2\/2023\/02\/tiktok_ogimage.png","type":"image\/png"}],"twitter_card":"summary_large_image","twitter_misc":{"Est. reading time":"1 minute"},"schema":{"@context":"https:\/\/schema.org","@graph":[{"@type":"WebPage","@id":"https:\/\/fakenews.pl\/en\/tiktok-not-as-scary-as-it-looks-a-guide-for-those-who-wish-to-begin-their-tiktok-journey\/","url":"https:\/\/fakenews.pl\/en\/tiktok-not-as-scary-as-it-looks-a-guide-for-those-who-wish-to-begin-their-tiktok-journey\/","name":"TikTok \u2013 Not as Scary as It Looks \u2013 a guide for those who wish to begin their TikTok journey - Fakenews.pl","isPartOf":{"@id":"https:\/\/fakenews.pl\/en\/#website"},"primaryImageOfPage":{"@id":"https:\/\/fakenews.pl\/en\/tiktok-not-as-scary-as-it-looks-a-guide-for-those-who-wish-to-begin-their-tiktok-journey\/#primaryimage"},"image":{"@id":"https:\/\/fakenews.pl\/en\/tiktok-not-as-scary-as-it-looks-a-guide-for-those-who-wish-to-begin-their-tiktok-journey\/#primaryimage"},"thumbnailUrl":"https:\/\/fakenews.pl\/en\/wp-content\/uploads\/sites\/2\/2023\/02\/tiktok_ogimage.png","datePublished":"2023-02-28T13:51:46+00:00","dateModified":"2023-02-28T14:38:21+00:00","breadcrumb":{"@id":"https:\/\/fakenews.pl\/en\/tiktok-not-as-scary-as-it-looks-a-guide-for-those-who-wish-to-begin-their-tiktok-journey\/#breadcrumb"},"inLanguage":"en-US","potentialAction":[{"@type":"ReadAction","target":["https:\/\/fakenews.pl\/en\/tiktok-not-as-scary-as-it-looks-a-guide-for-those-who-wish-to-begin-their-tiktok-journey\/"]}]},{"@type":"ImageObject","inLanguage":"en-US","@id":"https:\/\/fakenews.pl\/en\/tiktok-not-as-scary-as-it-looks-a-guide-for-those-who-wish-to-begin-their-tiktok-journey\/#primaryimage","url":"https:\/\/fakenews.pl\/en\/wp-content\/uploads\/sites\/2\/2023\/02\/tiktok_ogimage.png","contentUrl":"https:\/\/fakenews.pl\/en\/wp-content\/uploads\/sites\/2\/2023\/02\/tiktok_ogimage.png","width":1530,"height":800},{"@type":"BreadcrumbList","@id":"https:\/\/fakenews.pl\/en\/tiktok-not-as-scary-as-it-looks-a-guide-for-those-who-wish-to-begin-their-tiktok-journey\/#breadcrumb","itemListElement":[{"@type":"ListItem","position":1,"name":"Home","item":"https:\/\/fakenews.pl\/en\/"},{"@type":"ListItem","position":2,"name":"TikTok \u2013 Not as Scary as It Looks \u2013 a guide for those who wish to begin their TikTok journey"}]},{"@type":"WebSite","@id":"https:\/\/fakenews.pl\/en\/#website","url":"https:\/\/fakenews.pl\/en\/","name":"Fakenews.pl","description":"Fact-checking website and organization. Fake news, disinformation, manipulation. We got them covered.","publisher":{"@id":"https:\/\/fakenews.pl\/en\/#organization"},"potentialAction":[{"@type":"SearchAction","target":{"@type":"EntryPoint","urlTemplate":"https:\/\/fakenews.pl\/en\/?s={search_term_string}"},"query-input":{"@type":"PropertyValueSpecification","valueRequired":true,"valueName":"search_term_string"}}],"inLanguage":"en-US"},{"@type":"Organization","@id":"https:\/\/fakenews.pl\/en\/#organization","name":"Foundation \"Counteracting Disinformation\"","url":"https:\/\/fakenews.pl\/en\/","logo":{"@type":"ImageObject","inLanguage":"en-US","@id":"https:\/\/fakenews.pl\/en\/#\/schema\/logo\/image\/","url":"https:\/\/fakenews.pl\/en\/wp-content\/uploads\/sites\/2\/2022\/06\/logo.png","contentUrl":"https:\/\/fakenews.pl\/en\/wp-content\/uploads\/sites\/2\/2022\/06\/logo.png","width":1000,"height":1000,"caption":"Foundation \"Counteracting Disinformation\""},"image":{"@id":"https:\/\/fakenews.pl\/en\/#\/schema\/logo\/image\/"}}]}},"_links":{"self":[{"href":"https:\/\/fakenews.pl\/en\/wp-json\/wp\/v2\/pages\/568","targetHints":{"allow":["GET"]}}],"collection":[{"href":"https:\/\/fakenews.pl\/en\/wp-json\/wp\/v2\/pages"}],"about":[{"href":"https:\/\/fakenews.pl\/en\/wp-json\/wp\/v2\/types\/page"}],"author":[{"embeddable":true,"href":"https:\/\/fakenews.pl\/en\/wp-json\/wp\/v2\/users\/1"}],"replies":[{"embeddable":true,"href":"https:\/\/fakenews.pl\/en\/wp-json\/wp\/v2\/comments?post=568"}],"version-history":[{"count":10,"href":"https:\/\/fakenews.pl\/en\/wp-json\/wp\/v2\/pages\/568\/revisions"}],"predecessor-version":[{"id":582,"href":"https:\/\/fakenews.pl\/en\/wp-json\/wp\/v2\/pages\/568\/revisions\/582"}],"wp:featuredmedia":[{"embeddable":true,"href":"https:\/\/fakenews.pl\/en\/wp-json\/wp\/v2\/media\/574"}],"wp:attachment":[{"href":"https:\/\/fakenews.pl\/en\/wp-json\/wp\/v2\/media?parent=568"}],"curies":[{"name":"wp","href":"https:\/\/api.w.org\/{rel}","templated":true}]}}